{"id":105,"date":"2019-12-26T06:57:13","date_gmt":"2019-12-26T11:57:13","guid":{"rendered":"https:\/\/prosacoop.com.co\/?page_id=105"},"modified":"2025-11-18T07:06:33","modified_gmt":"2025-11-18T12:06:33","slug":"about","status":"publish","type":"page","link":"https:\/\/prosacoop.com.co\/?page_id=105","title":{"rendered":"Nosotros"},"content":{"rendered":"\t\t<div data-elementor-type=\"wp-page\" data-elementor-id=\"105\" class=\"elementor elementor-105\" data-elementor-post-type=\"page\">\n\t\t\t\t<div class=\"aux-parallax-section elementor-element elementor-element-4f498db e-flex e-con-boxed e-con e-parent\" data-id=\"4f498db\" data-element_type=\"container\" data-e-type=\"container\">\n\t\t\t\t\t<div class=\"e-con-inner\">\n\t\t<div class=\"elementor-element elementor-element-048cc1e e-con-full e-flex e-con e-child\" data-id=\"048cc1e\" data-element_type=\"container\" data-e-type=\"container\">\n\t\t\t\t<div class=\"elementor-element elementor-element-351376f aux-appear-watch-animation aux-fade-in-up-1 elementor-widget elementor-widget-aux_modern_heading\" data-id=\"351376f\" data-element_type=\"widget\" data-e-type=\"widget\" data-widget_type=\"aux_modern_heading.default\">\n\t\t\t\t<div class=\"elementor-widget-container\">\n\t\t\t\t\t<section class=\"aux-widget-modern-heading\">\n            <div class=\"aux-widget-inner\"><h2 class=\"aux-modern-heading-primary\">Sobre Nosotros <\/h2><h3 class=\"aux-modern-heading-secondary\"><span class=\"aux-head-before\">Comprometidos con Tu Salud Y Bienestar<\/span><\/h3><div class=\"aux-modern-heading-description\"><p>PROSACOOP es una cooperativa de trabajo asociado fundada en el a\u00f1o 2002 en la ciudad de Bucaramanga, con el prop\u00f3sito<\/p><p>de reunir un grupo selecto de m\u00e9dicos comprometidos con brindar un servicio de salud de alta calidad, oportunidad y calidez humana.<\/p><p>desde su creaci\u00f3n, la cooperativa se estructur\u00f3 con profesionales de distintas \u00e1reas de la salud, quienes se unieron<\/p><p>bajo un modelo \u00e9tico, s\u00f3lido y humano, orientado a ofrecer servicios en medicina general, especializada, preventiva y ocupacional, entre otros.<\/p><\/div><\/div>\n        <\/section>\t\t\t\t<\/div>\n\t\t\t\t<\/div>\n\t\t\t\t<\/div>\n\t\t<div class=\"elementor-element elementor-element-76e6988 e-con-full e-flex e-con e-child\" data-id=\"76e6988\" data-element_type=\"container\" data-e-type=\"container\">\n\t\t\t\t<div class=\"elementor-element elementor-element-8964119 aux-appear-watch-animation aux-scale-up-1 elementor-widget elementor-widget-aux_image\" data-id=\"8964119\" data-element_type=\"widget\" data-e-type=\"widget\" data-widget_type=\"aux_image.default\">\n\t\t\t\t<div class=\"elementor-widget-container\">\n\t\t\t\t\t<section class=\"widget-container aux-widget-image aux-alignnone aux-parent-au488e925e\">\n    <div class=\"aux-media-hint-frame \">\n        <div class=\"aux-media-image \" >\n        \n            \n\n            \n            <img fetchpriority=\"high\" decoding=\"async\" width=\"2560\" height=\"1920\" src=\"data:image\/gif;base64,R0lGODlhAQABAIAAAAAAAP\/\/\/yH5BAEAAAAALAAAAAABAAEAAAIBRAA7\" class=\"aux-attachment aux-featured-image aux-attachment-id-223 aux-preload aux-blank\" alt=\"WhatsApp Image 2025-11-02 at 4.16.28 PM (1)\" data-ratio=\"1.33\" data-original-w=\"2560\" data-src=\"https:\/\/prosacoop.com.co\/wp-content\/uploads\/2025\/11\/WhatsApp-Image-2025-11-02-at-4.16.28-PM-1-scaled.jpeg\" \/>            \n                <\/div>\n    <\/div>\n\n<\/section><!-- widget-container -->\t\t\t\t<\/div>\n\t\t\t\t<\/div>\n\t\t\t\t<\/div>\n\t\t\t\t\t<\/div>\n\t\t\t\t<\/div>\n\t\t<div class=\"aux-parallax-section elementor-element elementor-element-41c7e3c e-flex e-con-boxed e-con e-parent\" data-id=\"41c7e3c\" data-element_type=\"container\" data-e-type=\"container\">\n\t\t\t\t\t<div class=\"e-con-inner\">\n\t\t<div class=\"elementor-element elementor-element-8ddd369 e-con-full e-flex e-con e-child\" data-id=\"8ddd369\" data-element_type=\"container\" data-e-type=\"container\">\n\t\t\t\t<div class=\"elementor-element elementor-element-0568c99 aux-appear-watch-animation aux-fade-in-up-1 elementor-widget elementor-widget-aux_modern_heading\" data-id=\"0568c99\" data-element_type=\"widget\" data-e-type=\"widget\" data-widget_type=\"aux_modern_heading.default\">\n\t\t\t\t<div class=\"elementor-widget-container\">\n\t\t\t\t\t<section class=\"aux-widget-modern-heading\">\n            <div class=\"aux-widget-inner\"><h2 class=\"aux-modern-heading-primary\">Nuestra Msiion<\/h2><h3 class=\"aux-modern-heading-secondary\"><span class=\"aux-head-before\">La Cooperativa Prosacoop <\/span><\/h3><div class=\"aux-modern-heading-description\"><p>Es una Instituci\u00f3n Prestadora de Servicios de Salud que brinda atenci\u00f3n en medicina general, con \u00e9nfasis en actividades Atencion medica de primer nivel de complejidad, prevenci\u00f3n y promoci\u00f3n de la salud, dirigidas a la poblaci\u00f3n adulta del departamento de Santander.<\/p><p>Nuestro compromiso se fundamenta en la solidaridad, la confianza y el trabajo en equipo, ofreciendo servicios oportunos, seguros y de alta calidad, respaldados por un talento humano calificado, una infraestructura tecnol\u00f3gica en comunicaciones y una atenci\u00f3n centrada en la satisfacci\u00f3n del usuario. Actuamos conforme a la normatividad vigente, dentro de un marco de responsabilidad social y mejora continua.<\/p><p>Nuestro prop\u00f3sito es cuidar la salud y mejorar la calidad de vida de quienes conf\u00edan en nosotros.<\/p><\/div><\/div>\n        <\/section>\t\t\t\t<\/div>\n\t\t\t\t<\/div>\n\t\t\t\t<\/div>\n\t\t<div class=\"elementor-element elementor-element-ba4abc6 e-con-full e-flex e-con e-child\" data-id=\"ba4abc6\" data-element_type=\"container\" data-e-type=\"container\">\n\t\t\t\t<div class=\"elementor-element elementor-element-a3df123 aux-appear-watch-animation aux-scale-up-1 elementor-widget elementor-widget-aux_image\" data-id=\"a3df123\" data-element_type=\"widget\" data-e-type=\"widget\" data-widget_type=\"aux_image.default\">\n\t\t\t\t<div class=\"elementor-widget-container\">\n\t\t\t\t\t<section class=\"widget-container aux-widget-image aux-alignnone aux-parent-au1b1731ac\">\n    <div class=\"aux-media-hint-frame \">\n        <div class=\"aux-media-image \" >\n        \n            \n\n            \n            <img decoding=\"async\" width=\"1600\" height=\"1200\" src=\"data:image\/gif;base64,R0lGODlhAQABAIAAAAAAAP\/\/\/yH5BAEAAAAALAAAAAABAAEAAAIBRAA7\" class=\"aux-attachment aux-featured-image aux-attachment-id-452 aux-preload aux-blank\" alt=\"MEDICOS\" data-ratio=\"1.33\" data-original-w=\"1600\" data-src=\"https:\/\/prosacoop.com.co\/wp-content\/uploads\/2025\/11\/MEDICOS.jpeg\" \/>            \n                <\/div>\n    <\/div>\n\n<\/section><!-- widget-container -->\t\t\t\t<\/div>\n\t\t\t\t<\/div>\n\t\t\t\t<\/div>\n\t\t\t\t\t<\/div>\n\t\t\t\t<\/div>\n\t\t<div class=\"aux-parallax-section elementor-element elementor-element-700d709 e-grid e-con-boxed e-con e-parent\" data-id=\"700d709\" data-element_type=\"container\" data-e-type=\"container\">\n\t\t\t\t\t<div class=\"e-con-inner\">\n\t\t<div class=\"elementor-element elementor-element-4364e52 e-con-full e-flex e-con e-child\" data-id=\"4364e52\" data-element_type=\"container\" data-e-type=\"container\">\n\t\t\t\t<div class=\"elementor-element elementor-element-e8f12b4 aux-appear-watch-animation aux-fade-in-up-1 elementor-widget elementor-widget-aux_modern_heading\" data-id=\"e8f12b4\" data-element_type=\"widget\" data-e-type=\"widget\" data-widget_type=\"aux_modern_heading.default\">\n\t\t\t\t<div class=\"elementor-widget-container\">\n\t\t\t\t\t<section class=\"aux-widget-modern-heading\">\n            <div class=\"aux-widget-inner\"><h2 class=\"aux-modern-heading-primary\">Nuestra Visi\u00f3n<\/h2><h3 class=\"aux-modern-heading-secondary\"><span class=\"aux-head-before\">Para el a\u00f1o 2030<\/span><\/h3><div class=\"aux-modern-heading-description\"><p>Cooperativa Prosacoop ser\u00e1 reconocida como una instituci\u00f3n l\u00edder en Santander por su modelo de atenci\u00f3n centrado en la<\/p><p>prevenci\u00f3n y promoci\u00f3n de la salud, ampliando su cobertura territorial e incorporando nuevas especialidades y servicios<\/p><p>con el fin de brindar una mayor atenci\u00f3n integral, accesible y de excelencia a la comunidad.<\/p><p>Nuestro compromiso se fundamenta en la solidaridad, la confianza y el trabajo en equipo, ofreciendo servicios oportunos,<\/p><p>seguros y de alta calidad, respaldados por un talento humano calificado, una infraestructura tecnol\u00f3gica en comunicaciones y<\/p><p>una atenci\u00f3n centrada en la satisfacci\u00f3n del usuario. Actuamos conforme a la normatividad vigente, dentro de un marco de<\/p><p>responsabilidad social y mejora continua. Nuestro prop\u00f3sito es cuidar la salud y mejorar la calidad de vida de quienes conf\u00edan<\/p><p>en nosotros.<\/p><\/div><\/div>\n        <\/section>\t\t\t\t<\/div>\n\t\t\t\t<\/div>\n\t\t\t\t<\/div>\n\t\t<div class=\"elementor-element elementor-element-3fb8bda e-con-full e-flex e-con e-child\" data-id=\"3fb8bda\" data-element_type=\"container\" data-e-type=\"container\">\n\t\t\t\t<div class=\"elementor-element elementor-element-467f31d aux-appear-watch-animation aux-scale-up-1 elementor-widget elementor-widget-aux_image\" data-id=\"467f31d\" data-element_type=\"widget\" data-e-type=\"widget\" data-widget_type=\"aux_image.default\">\n\t\t\t\t<div class=\"elementor-widget-container\">\n\t\t\t\t\t<section class=\"widget-container aux-widget-image aux-alignnone aux-parent-aubb8e5787\">\n    <div class=\"aux-media-hint-frame \">\n        <div class=\"aux-media-image \" >\n        \n            \n\n            \n            <img fetchpriority=\"high\" decoding=\"async\" width=\"2560\" height=\"1920\" src=\"data:image\/gif;base64,R0lGODlhAQABAIAAAAAAAP\/\/\/yH5BAEAAAAALAAAAAABAAEAAAIBRAA7\" class=\"aux-attachment aux-featured-image aux-attachment-id-223 aux-preload aux-blank\" alt=\"WhatsApp Image 2025-11-02 at 4.16.28 PM (1)\" data-ratio=\"1.33\" data-original-w=\"2560\" data-src=\"https:\/\/prosacoop.com.co\/wp-content\/uploads\/2025\/11\/WhatsApp-Image-2025-11-02-at-4.16.28-PM-1-scaled.jpeg\" \/>            \n                <\/div>\n    <\/div>\n\n<\/section><!-- widget-container -->\t\t\t\t<\/div>\n\t\t\t\t<\/div>\n\t\t\t\t<\/div>\n\t\t\t\t\t<\/div>\n\t\t\t\t<\/div>\n\t\t\t\t<\/div>\n\t\t","protected":false},"excerpt":{"rendered":"<p>Sobre Nosotros Comprometidos con Tu Salud Y Bienestar PROSACOOP es una cooperativa de trabajo asociado fundada en el a\u00f1o 2002 en la ciudad de Bucaramanga, con el prop\u00f3sito de reunir un grupo selecto de m\u00e9dicos comprometidos con brindar un servicio de salud de alta calidad, oportunidad y calidez humana. desde su creaci\u00f3n, la cooperativa se [&hellip;]<\/p>\n","protected":false},"author":1,"featured_media":0,"parent":0,"menu_order":0,"comment_status":"closed","ping_status":"closed","template":"templates\/page-builder-content.php","meta":{"footnotes":""},"class_list":["post-105","page","type-page","status-publish","hentry"],"_links":{"self":[{"href":"https:\/\/prosacoop.com.co\/index.php?rest_route=\/wp\/v2\/pages\/105","targetHints":{"allow":["GET"]}}],"collection":[{"href":"https:\/\/prosacoop.com.co\/index.php?rest_route=\/wp\/v2\/pages"}],"about":[{"href":"https:\/\/prosacoop.com.co\/index.php?rest_route=\/wp\/v2\/types\/page"}],"author":[{"embeddable":true,"href":"https:\/\/prosacoop.com.co\/index.php?rest_route=\/wp\/v2\/users\/1"}],"replies":[{"embeddable":true,"href":"https:\/\/prosacoop.com.co\/index.php?rest_route=%2Fwp%2Fv2%2Fcomments&post=105"}],"version-history":[{"count":34,"href":"https:\/\/prosacoop.com.co\/index.php?rest_route=\/wp\/v2\/pages\/105\/revisions"}],"predecessor-version":[{"id":488,"href":"https:\/\/prosacoop.com.co\/index.php?rest_route=\/wp\/v2\/pages\/105\/revisions\/488"}],"wp:attachment":[{"href":"https:\/\/prosacoop.com.co\/index.php?rest_route=%2Fwp%2Fv2%2Fmedia&parent=105"}],"curies":[{"name":"wp","href":"https:\/\/api.w.org\/{rel}","templated":true}]}}